{"id":44,"date":"2018-11-04T21:22:44","date_gmt":"2018-11-04T21:22:44","guid":{"rendered":"https:\/\/schmidt-marienberg.de\/?page_id=44"},"modified":"2019-07-28T12:33:08","modified_gmt":"2019-07-28T12:33:08","slug":"geschichte","status":"publish","type":"page","link":"https:\/\/schmidt-marienberg.de\/?page_id=44","title":{"rendered":"Geschichte"},"content":{"rendered":"\t\t<div data-elementor-type=\"wp-post\" data-elementor-id=\"44\" class=\"elementor elementor-44\">\n\t\t\t\t\t\t<section class=\"elementor-section elementor-top-section elementor-element elementor-element-8fa63ed elementor-section-boxed elementor-section-height-default elementor-section-height-default\" data-id=\"8fa63ed\" data-element_type=\"section\" data-e-type=\"section\">\n\t\t\t\t\t\t<div class=\"elementor-container elementor-column-gap-default\">\n\t\t\t\t\t<div class=\"elementor-column elementor-col-100 elementor-top-column elementor-element elementor-element-e4efd10\" data-id=\"e4efd10\" data-element_type=\"column\" data-e-type=\"column\">\n\t\t\t<div class=\"elementor-widget-wrap elementor-element-populated\">\n\t\t\t\t\t\t<div class=\"elementor-element elementor-element-edac8ca elementor-widget elementor-widget-image\" data-id=\"edac8ca\" data-element_type=\"widget\" data-e-type=\"widget\" data-widget_type=\"image.default\">\n\t\t\t\t<div class=\"elementor-widget-container\">\n\t\t\t\t\t\t\t\t\t\t\t\t\t\t\t<img fetchpriority=\"high\" decoding=\"async\" width=\"500\" height=\"376\" src=\"https:\/\/schmidt-marienberg.de\/wp-content\/uploads\/2018\/11\/werbungschmidt.jpg\" class=\"attachment-medium_large size-medium_large wp-image-59\" alt=\"\" srcset=\"https:\/\/schmidt-marienberg.de\/wp-content\/uploads\/2018\/11\/werbungschmidt.jpg 500w, https:\/\/schmidt-marienberg.de\/wp-content\/uploads\/2018\/11\/werbungschmidt-300x226.jpg 300w, https:\/\/schmidt-marienberg.de\/wp-content\/uploads\/2018\/11\/werbungschmidt-230x173.jpg 230w, https:\/\/schmidt-marienberg.de\/wp-content\/uploads\/2018\/11\/werbungschmidt-350x263.jpg 350w, https:\/\/schmidt-marienberg.de\/wp-content\/uploads\/2018\/11\/werbungschmidt-480x361.jpg 480w\" sizes=\"(max-width: 500px) 100vw, 500px\" \/>\t\t\t\t\t\t\t\t\t\t\t\t\t\t\t<\/div>\n\t\t\t\t<\/div>\n\t\t\t\t\t<\/div>\n\t\t<\/div>\n\t\t\t\t\t<\/div>\n\t\t<\/section>\n\t\t\t\t<section class=\"elementor-section elementor-top-section elementor-element elementor-element-5d067f9 elementor-section-boxed elementor-section-height-default elementor-section-height-default\" data-id=\"5d067f9\" data-element_type=\"section\" data-e-type=\"section\">\n\t\t\t\t\t\t<div class=\"elementor-container elementor-column-gap-default\">\n\t\t\t\t\t<div class=\"elementor-column elementor-col-100 elementor-top-column elementor-element elementor-element-5d51160\" data-id=\"5d51160\" data-element_type=\"column\" data-e-type=\"column\">\n\t\t\t<div class=\"elementor-widget-wrap elementor-element-populated\">\n\t\t\t\t\t\t<div class=\"elementor-element elementor-element-c25f968 elementor-widget elementor-widget-text-editor\" data-id=\"c25f968\" data-element_type=\"widget\" data-e-type=\"widget\" data-widget_type=\"text-editor.default\">\n\t\t\t\t<div class=\"elementor-widget-container\">\n\t\t\t\t\t\t\t\t\t<p><strong>Unser Gesch\u00e4ft kann auf eine lange Geschichte zur\u00fcckblicken.<br \/><\/strong><strong>Hier eine chronologische Zusammenfassung<\/strong>:<\/p><p>Das Gesch\u00e4ft wurde 1888 von Emil Drechsler gegr\u00fcndet. Dessen Frau Hedwig Klementine Drechsler (geb. Weber) und sp\u00e4ter auch seine Tochter Marie, arbeiteten viel mit im Gesch\u00e4ft. Marie Drechsler heiratete 1933 den Uhrmachermeister und Augenoptiker Hermann Otto Schmidt, welcher am 4.Juli 1935 Inhaber des Gesch\u00e4ftes wurde.<br \/>Im Juli 1942 schloss Otto Schmidt das Gesch\u00e4ft, da er in den Krieg musste. In den sp\u00e4teren Kriegsjahren wurde in den Gesch\u00e4ftsr\u00e4umen eine Bezugsscheinstelle eingerichtet.<br \/>Als Otto Schmidt im Mai 1945 aus der Kriegsgefangenschaft zur\u00fcckkehrte, realisierte er einen Neuanfang nach den M\u00f6glichkeiten der damaligen Zeit. Von 1949 bis 1952 bildete Otto Schmidt seinen Sohn Karlheinz zum Uhrmacher aus. Karlheinz Schmidt absolvierte anschlie\u00dfend gemeinsam mit seiner Ehefrau eine Ausbildung zum Augenoptiker, danach arbeiteten sie mit im Gesch\u00e4ft. 1959 wurde Karlheinz Schmidt Teilhaber des Gesch\u00e4fts. In den 70er Jahren kamen neue Produkte sowohl auf dem Bereich der Uhren (Quarzuhren) als auch im Bereich der Optik (Kontaktlinsen). Es war unm\u00f6glich weiterhin beide Bereiche abzudecken, deshalb entschied man sich die Sparte der Augenoptik auszugliedern. Am 1. Januar 1977 wurde Karlheinz Schmidt alleiniger Inhaber des Gesch\u00e4ftes. Sowohl die Tochter Kathrin als auch Sohn Karsten lie\u00dfen sich zum Uhrmacher ausbilden und arbeiten bis heute mit im Gesch\u00e4ft, so auch der Schwiegersohn Karlheinz Schmidts, Gisbert Fiedler, welcher ebenfalls eine Uhrmacherausbildung im Gesch\u00e4ft absolviert hat. 1995 legte Karsten Schmidt seine Meisterpr\u00fcfung ab. Seit 1. M\u00e4rz 1998 ist das Gesch\u00e4ft eine GbR.\u00a0<br \/>Karlheinz und Annemarie Schmidt sind aus Leidenschaft nach wie vor im Gesch\u00e4ft aktiv. Zur zukunftssicheren St\u00e4rkung des Gesch\u00e4ftes erg\u00e4nzt die Schwiegertochter Manja Schmidt seit Anfang 2012 unser Team Verkauf und Warenpr\u00e4sentation.<\/p><p>Im Oktober und November 2012 wurde der Laden der Firma innerhalb von 7 Wochen komplett umgebaut um unseren Kunden auch weiterhin eine kompetente und pers\u00f6nliche Beratung in einer ansprechenden Umgebung bieten zu k\u00f6nnen.<\/p>\t\t\t\t\t\t\t\t<\/div>\n\t\t\t\t<\/div>\n\t\t\t\t\t<\/div>\n\t\t<\/div>\n\t\t\t\t\t<\/div>\n\t\t<\/section>\n\t\t\t\t<\/div>\n\t\t","protected":false},"excerpt":{"rendered":"<p>Unser Gesch\u00e4ft kann auf eine lange Geschichte zur\u00fcckblicken.Hier eine chronologische Zusammenfassung: Das Gesch\u00e4ft wurde 1888 von Emil Drechsler gegr\u00fcndet. Dessen Frau Hedwig [&hellip;]<\/p>\n","protected":false},"author":1,"featured_media":0,"parent":0,"menu_order":0,"comment_status":"closed","ping_status":"closed","template":"","meta":{"footnotes":""},"class_list":["post-44","page","type-page","status-publish","hentry"],"_links":{"self":[{"href":"https:\/\/schmidt-marienberg.de\/index.php?rest_route=\/wp\/v2\/pages\/44","targetHints":{"allow":["GET"]}}],"collection":[{"href":"https:\/\/schmidt-marienberg.de\/index.php?rest_route=\/wp\/v2\/pages"}],"about":[{"href":"https:\/\/schmidt-marienberg.de\/index.php?rest_route=\/wp\/v2\/types\/page"}],"author":[{"embeddable":true,"href":"https:\/\/schmidt-marienberg.de\/index.php?rest_route=\/wp\/v2\/users\/1"}],"replies":[{"embeddable":true,"href":"https:\/\/schmidt-marienberg.de\/index.php?rest_route=%2Fwp%2Fv2%2Fcomments&post=44"}],"version-history":[{"count":5,"href":"https:\/\/schmidt-marienberg.de\/index.php?rest_route=\/wp\/v2\/pages\/44\/revisions"}],"predecessor-version":[{"id":129,"href":"https:\/\/schmidt-marienberg.de\/index.php?rest_route=\/wp\/v2\/pages\/44\/revisions\/129"}],"wp:attachment":[{"href":"https:\/\/schmidt-marienberg.de\/index.php?rest_route=%2Fwp%2Fv2%2Fmedia&parent=44"}],"curies":[{"name":"wp","href":"https:\/\/api.w.org\/{rel}","templated":true}]}}